{"id":101,"date":"2013-03-28T18:58:06","date_gmt":"2013-03-28T16:58:06","guid":{"rendered":"http:\/\/dev.laaketietokeskus.fi\/vnrwiki\/?page_id=101"},"modified":"2025-12-04T10:35:51","modified_gmt":"2025-12-04T07:35:51","slug":"denmark","status":"publish","type":"page","link":"https:\/\/wiki.vnr.fi\/?page_id=101","title":{"rendered":"Country specific information \u2013 DENMARK"},"content":{"rendered":"<p><strong>Printable version of this document:<\/strong><br \/>\n<strong> <img loading=\"lazy\" decoding=\"async\" src=\"https:\/\/wiki.vnr.fi\/wp-content\/uploads\/2013\/05\/pdf.gif\" alt=\"pdf\" width=\"16\" height=\"16\" \/> <a href=\"https:\/\/wiki.vnr.fi\/wp-content\/uploads\/2025\/12\/Country_specific_information_Denmark_Signum-20240918_2025.pdf\">Vnr Country Specific Information Denmark<\/a><\/strong><\/p>\n<div id=\"fi-content\"><strong>Country<\/strong> <strong>specific<\/strong> <strong>information<\/strong> <strong>\u2013 Denmark<\/strong><\/p>\n<h2><strong>\u00a0<\/strong>Barcodes for Primary package<\/h2>\n<p>Please note that Amgros requires bar codes for drugs supplied via tenders.<\/p>\n<p>Read more on the homepage for Amgros: \u00a0<a href=\"https:\/\/levportal.amgros.dk\/Sider\/Default.aspx\">https:\/\/levportal.amgros.dk\/Sider\/Default.aspx<\/a><\/p>\n<h2>Non-pharmaceutical products<\/h2>\n<p>The Nordic article numbers, Vnrs, are only allocated for <strong>registered<\/strong><strong> pharmaceuticals<\/strong>.<\/p>\n<p>All other products, such as medical devices and consumer products, use national numbers. The national numbers are given by the wholesalers Nomeco (<a href=\"mailto:sortiment@nomeco.dk\">sortiment@nomeco.dk<\/a>) or Tjellesen Max Jenne (<a href=\"mailto:indkoeb@tmj.dk\">indkoeb@tmj.dk<\/a>).<\/p>\n<h2>Pricing of the Danish Vnrs<\/h2>\n<p>Nordic article numbers, allocated for Denmark, are invoiced by Signum Life Science ApS.<\/p>\n<p>New Vnrs will be invoiced with an opening fee right after assignment. Please send invoicing details and if necessary, purchase order number to <a href=\"mailto:customerservice@signumlifescience.com\">customerservice@signumlifescience.com<\/a>. Please note that the opening fee will be invoiced even if the Vnr should be withdrawn shortly after the assignment.<\/p>\n<p>In addition to this there is an annual fee covering the services of the Vnr administration. The annual fee for all Vnrs in a given year will be invoiced in the first quarter of the following calendar year.<\/p>\n<p><strong><em>Important notice<\/em><\/strong><\/p>\n<p><em>It is important that all registered information, which is specified on the VNR Pharmaca in Finland and those specified on the DKMAnet are consistent with the information specified in the SPC.<\/em><\/p>\n<p><em>\u00a0<\/em><em>\u00a0<\/em><\/p>\n<h2>New article numbers for already marketed packages<\/h2>\n<p>Marketed packages must receive a new Nordic article number if:<\/p>\n<ul>\n<li>The name of the medicine changes<\/li>\n<\/ul>\n<p>Other instances might lead to the requirement of a new article number, for example change of pharmaceutical form or strength. This is an individual assessment for each case and the companies are welcome to contact The Danish Medicines Agency at <a href=\"mailto:medicinpriser@dkma.dk\">medicinpriser@dkma.dk <\/a>with questions regarding the requirement of new article numbers.<\/p>\n<p><strong>Signum<br \/>\n<\/strong>Lers\u00f8 Parkall\u00e9 101 DK-2100 Copenhagen \u00d8 Tel: +45 39 101 700<br \/>\n<a href=\"mailto:stat@signumlifescience.com\">stat@signumlifescience.com<\/a><br \/>\nVAT: DK365592411<\/p>\n<\/div>\n","protected":false},"excerpt":{"rendered":"<p>Printable version of this document: Vnr Country Specific Information Denmark Country specific information \u2013 Denmark \u00a0Barcodes for Primary package Please note that Amgros requires bar codes for drugs supplied via tenders. Read more on the homepage for Amgros: \u00a0https:\/\/levportal.amgros.dk\/Sider\/Default.aspx Non-pharmaceutical products The Nordic article numbers, Vnrs, are only allocated for &#8230;<\/p>\n","protected":false},"author":1,"featured_media":0,"parent":0,"menu_order":15,"comment_status":"closed","ping_status":"open","template":"","meta":{"footnotes":""},"language":[8],"class_list":["post-101","page","type-page","status-publish","hentry","language-dk","column","twocol"],"_links":{"self":[{"href":"https:\/\/wiki.vnr.fi\/index.php?rest_route=\/wp\/v2\/pages\/101","targetHints":{"allow":["GET"]}}],"collection":[{"href":"https:\/\/wiki.vnr.fi\/index.php?rest_route=\/wp\/v2\/pages"}],"about":[{"href":"https:\/\/wiki.vnr.fi\/index.php?rest_route=\/wp\/v2\/types\/page"}],"author":[{"embeddable":true,"href":"https:\/\/wiki.vnr.fi\/index.php?rest_route=\/wp\/v2\/users\/1"}],"replies":[{"embeddable":true,"href":"https:\/\/wiki.vnr.fi\/index.php?rest_route=%2Fwp%2Fv2%2Fcomments&post=101"}],"version-history":[{"count":27,"href":"https:\/\/wiki.vnr.fi\/index.php?rest_route=\/wp\/v2\/pages\/101\/revisions"}],"predecessor-version":[{"id":3431,"href":"https:\/\/wiki.vnr.fi\/index.php?rest_route=\/wp\/v2\/pages\/101\/revisions\/3431"}],"wp:attachment":[{"href":"https:\/\/wiki.vnr.fi\/index.php?rest_route=%2Fwp%2Fv2%2Fmedia&parent=101"}],"wp:term":[{"taxonomy":"language","embeddable":true,"href":"https:\/\/wiki.vnr.fi\/index.php?rest_route=%2Fwp%2Fv2%2Flanguage&post=101"}],"curies":[{"name":"wp","href":"https:\/\/api.w.org\/{rel}","templated":true}]}}