{"id":169,"date":"2013-04-02T09:30:01","date_gmt":"2013-04-02T07:30:01","guid":{"rendered":"http:\/\/dev.laaketietokeskus.fi\/vnrwiki\/?page_id=169"},"modified":"2018-06-18T14:01:40","modified_gmt":"2018-06-18T11:01:40","slug":"fi-the-flow-of-product-and-article-information","status":"publish","type":"page","link":"https:\/\/wiki.vnr.fi\/?page_id=169","title":{"rendered":"FI: The flow of product and article information"},"content":{"rendered":"<p>The ePrescription database includes all the necessary and current information that is needed in prescribing and delivering medicines. The ePrescription database contains pharmaceuticals (preparations with a Vnr number) and preparations without a Vnr number (preparations with a temporary special sales license and reimbursed emollients and reimbursed clinical nutrient preparations).<\/p>\n<p>The content of the ePrescription database is covered in section 22 of the Act on Electronic Prescriptions (laki s\u00e4hk\u00f6isest\u00e4 l\u00e4\u00e4kem\u00e4\u00e4r\u00e4yksest\u00e4 61\/2007). Social Insurance Institution of Finland (Kela) maintains the ePrescriprion database. Finnish Medicines Agency (Fimea) delivers the information needed for identifying the preparations.<\/p>\n<p>The content of the ePrescription database and the communication to the Kela is covered by section 8 of the Decree of the Ministry of Social Affairs and Health (485\/2008).<\/p>\n<p>The Pharmaceutical Information Centre provides the ePrescription database for Kela.<\/p>\n<p>The holder of the marketing authorization, the manufacturer or the importer must communicate the wholesale prices of<\/p>\n<ul>\n<li>pharmaceuticals<\/li>\n<li>preparations with a temporary special sales license<\/li>\n<li>reimbursed emollients<\/li>\n<li>reimbursed clinical nutrients<\/li>\n<\/ul>\n<p>to the Pharmaceutical Information Centre, which, under commission from Kela, serves as the technical administrator of the database in respect to pharmaceuticals.<\/p>\n<p>The information must be communicated no later than 8 working days before the 1st and 15th of the month in question by 4 pm Finnish time. The more detailed communication schedule and instructions can be found in Vnr extranet service (<a href=\"https:\/\/vnr.fi\">https:\/\/vnr.fi<\/a>).<\/p>\n<p>All the notification forms can be filled in the Vnr extranet, Notification forms. (<a href=\"https:\/\/vnr.fi\">https:\/\/vnr.fi<\/a>). From there you can choose the notification form needed on the left side of the page.<\/p>\n<p><a href=\"https:\/\/wiki.vnr.fi\/wp-content\/uploads\/2013\/03\/FI-VnrWiki.png\"><img loading=\"lazy\" decoding=\"async\" class=\"alignnone size-full wp-image-603\" src=\"https:\/\/wiki.vnr.fi\/wp-content\/uploads\/2013\/03\/FI-VnrWiki.png\" alt=\"FI, VnrWiki\" width=\"1052\" height=\"618\" srcset=\"https:\/\/wiki.vnr.fi\/wp-content\/uploads\/2013\/03\/FI-VnrWiki.png 1052w, https:\/\/wiki.vnr.fi\/wp-content\/uploads\/2013\/03\/FI-VnrWiki-300x176.png 300w, https:\/\/wiki.vnr.fi\/wp-content\/uploads\/2013\/03\/FI-VnrWiki-1024x601.png 1024w, https:\/\/wiki.vnr.fi\/wp-content\/uploads\/2013\/03\/FI-VnrWiki-700x411.png 700w\" sizes=\"auto, (max-width: 1052px) 100vw, 1052px\" \/><\/a><\/p>\n<p>The communicating party is responsible for the accuracy of the price information communicated.<\/p>\n<p>In addition to the Vnr extranet service the \u201cNew product into the market\u201d and \u201cProduct withdrawal from the market\u201d -notifications must be communicated to the Fimea and the \u201cChange in price\u201d -notifications to the wholesaler in question, The Association of Finnish Pharmacies and to the University Pharmacy. Kela notifications must be made quarterly of the prices of substitutable pharmaceuticals and of pharmaceuticals covered by the reference price system.<\/p>\n<p>Due to the upcoming Falsified Medicines Directive, a new <a href=\"https:\/\/wiki.vnr.fi\/wp-content\/uploads\/2018\/06\/MEDICINES-VERIFICATION-NOTIFICATIONS-18062018.pdf\"><strong>medicines verification<\/strong> <strong>notification<\/strong><\/a> was introduced in the Vnr Service 18.6.2018. Pharmaceutical companies make this notification like other notifications. Pharmaceutical Information Centre delivers the information of the notifications to wholesalers and pharmacy\/hospital pharmacy system suppliers to ensure efficient and reliable action.<\/p>\n<h4>Companies with a Vnr-extranet service contract<\/h4>\n<p>The Pharmaceutical Information Centre will deliver the information in question to the University Pharmacy, the Association of Finnish Pharmacies, sales statistics (Finnish Pharmaceutical Data and IMS Health Finland), wholesalers (Oriola, Tamro, Magnum medical), the Social Insurance Institution of Finland, the Pharmaceutical pricing board and FIMEA on behalf of companies that have a Vnr-extranet service contract. Pharmaceutical Information Centre is responsible for the delivery of data to only those third parties mentioned above which are entitled to this information before it becomes public.<\/p>\n","protected":false},"excerpt":{"rendered":"<p>The ePrescription database includes all the necessary and current information that is needed in prescribing and delivering medicines. The ePrescription database contains pharmaceuticals (preparations with a Vnr number) and preparations without a Vnr number (preparations with a temporary special sales license and reimbursed emollients and reimbursed clinical nutrient preparations). The &#8230;<\/p>\n","protected":false},"author":1,"featured_media":0,"parent":14,"menu_order":5,"comment_status":"closed","ping_status":"open","template":"","meta":{"footnotes":""},"language":[4],"class_list":["post-169","page","type-page","status-publish","hentry","language-fi","column","twocol"],"_links":{"self":[{"href":"https:\/\/wiki.vnr.fi\/index.php?rest_route=\/wp\/v2\/pages\/169","targetHints":{"allow":["GET"]}}],"collection":[{"href":"https:\/\/wiki.vnr.fi\/index.php?rest_route=\/wp\/v2\/pages"}],"about":[{"href":"https:\/\/wiki.vnr.fi\/index.php?rest_route=\/wp\/v2\/types\/page"}],"author":[{"embeddable":true,"href":"https:\/\/wiki.vnr.fi\/index.php?rest_route=\/wp\/v2\/users\/1"}],"replies":[{"embeddable":true,"href":"https:\/\/wiki.vnr.fi\/index.php?rest_route=%2Fwp%2Fv2%2Fcomments&post=169"}],"version-history":[{"count":15,"href":"https:\/\/wiki.vnr.fi\/index.php?rest_route=\/wp\/v2\/pages\/169\/revisions"}],"predecessor-version":[{"id":2844,"href":"https:\/\/wiki.vnr.fi\/index.php?rest_route=\/wp\/v2\/pages\/169\/revisions\/2844"}],"up":[{"embeddable":true,"href":"https:\/\/wiki.vnr.fi\/index.php?rest_route=\/wp\/v2\/pages\/14"}],"wp:attachment":[{"href":"https:\/\/wiki.vnr.fi\/index.php?rest_route=%2Fwp%2Fv2%2Fmedia&parent=169"}],"wp:term":[{"taxonomy":"language","embeddable":true,"href":"https:\/\/wiki.vnr.fi\/index.php?rest_route=%2Fwp%2Fv2%2Flanguage&post=169"}],"curies":[{"name":"wp","href":"https:\/\/api.w.org\/{rel}","templated":true}]}}