{"id":445,"date":"2013-04-04T10:50:30","date_gmt":"2013-04-04T07:50:30","guid":{"rendered":"http:\/\/dev.laaketietokeskus.fi\/vnrwiki\/?page_id=445"},"modified":"2022-05-05T09:31:32","modified_gmt":"2022-05-05T06:31:32","slug":"se-definitions","status":"publish","type":"page","link":"https:\/\/wiki.vnr.fi\/?page_id=445","title":{"rendered":"SE: Definitions"},"content":{"rendered":"\n<div class=\"wp-block-group\"><div class=\"wp-block-group__inner-container is-layout-flow wp-block-group-is-layout-flow\">\n<div class=\"wp-block-columns is-layout-flex wp-container-core-columns-is-layout-9d6595d7 wp-block-columns-is-layout-flex\">\n<div class=\"wp-block-column is-layout-flow wp-block-column-is-layout-flow\" style=\"flex-basis:100%\"><\/div>\n<\/div>\n<\/div><\/div>\n\n\n\n<figure class=\"wp-block-table is-style-regular\"><table><tbody><tr><td class=\"has-text-align-left\" data-align=\"left\">FASS<\/td><td class=\"has-text-align-left\" data-align=\"left\">The Swedish medicine compendium.<\/td><\/tr><tr><td class=\"has-text-align-left\" data-align=\"left\">GS1<\/td><td class=\"has-text-align-left\" data-align=\"left\">GS1 is an international not-for-profit association with member organisations in over 100 countries. The GS1 standards, e.g. GTIN, are the most widely used supply chain standards in the world. &nbsp;<a href=\"http:\/\/www.gs1.se\">www.gs1.se<\/a> &nbsp;or&nbsp; <a href=\"http:\/\/www.gs1.com\">www.gs1.com<\/a><\/td><\/tr><tr><td class=\"has-text-align-left\" data-align=\"left\">GTIN<\/td><td class=\"has-text-align-left\" data-align=\"left\">Global Trade Item Number \u2013 a global standard for article numbering administered by GS1. Consists of 13, maximum 14, digits on the format company\u00b4s prefix + serial number + check digit. Can be presented in a barcode for automatic reading.<\/td><\/tr><tr><td class=\"has-text-align-left\" data-align=\"left\">Lif<\/td><td class=\"has-text-align-left\" data-align=\"left\">L\u00e4kemedelsindustrif\u00f6reningens Service AB, Lif, is the trade association for the research-based pharmaceutical industry in Sweden.&nbsp;&nbsp; <a href=\"http:\/\/www.lif.se\">www.lif.se<\/a><\/td><\/tr><tr><td class=\"has-text-align-left\" data-align=\"left\">LiiV<\/td><td class=\"has-text-align-left\" data-align=\"left\">Supplier information in the VARA register. The Swedish eHealth Agency is responsible for the development and administration of the product and article register LiiV and VARA &nbsp;<\/td><\/tr><tr><td class=\"has-text-align-left\" data-align=\"left\">LV<\/td><td class=\"has-text-align-left\" data-align=\"left\">L\u00e4kemedelsverket (MPA \u2013 Medical Product Agency)<\/td><\/tr><tr><td class=\"has-text-align-left\" data-align=\"left\">MAH<\/td><td class=\"has-text-align-left\" data-align=\"left\">Marketing Authorisation Holder<\/td><\/tr><tr><td class=\"has-text-align-left\" data-align=\"left\">MPA<\/td><td class=\"has-text-align-left\" data-align=\"left\">Medical Product Agency (LV \u2013 L\u00e4kemedelsverket)<\/td><\/tr><tr><td class=\"has-text-align-left\" data-align=\"left\">Marketer<\/td><td class=\"has-text-align-left\" data-align=\"left\">Company that represents the product (often the same as MAH)<\/td><\/tr><tr><td class=\"has-text-align-left\" data-align=\"left\">National article number<\/td><td class=\"has-text-align-left\" data-align=\"left\">A six-digit code (200000-369999 and 600000-999999) used for articles, which are not human or veterinary medicines. The same article number can be used for different articles in different Nordic countries.<\/td><\/tr><tr><td class=\"has-text-align-left\" data-align=\"left\">NNC<\/td><td class=\"has-text-align-left\" data-align=\"left\">The administration of the Nordic Article Number system is under responsibility of the Nordic Number Centre (NNC), located at Pharmaceutical Information Centre Ltd (PIC) (L\u00e4\u00e4ketietokeskus Oy), Helsinki, Finland.&nbsp; <a href=\"mailto:vnr@vnr.fi\">vnr@vnr.fi<\/a><\/td><\/tr><tr><td class=\"has-text-align-left\" data-align=\"left\">Nordic Article Number<\/td><td class=\"has-text-align-left\" data-align=\"left\">Vnr \u2013 a six-digit identification code (000001-199999 and 370000-599999) for a specific article of medicine with marketing authorisation in the Nordic countries. A Vnr is given to all human and veterinary medicines. It enables a simple verification of articles at all distribution stages.<\/td><\/tr><tr><td class=\"has-text-align-left\" data-align=\"left\">NPL id<\/td><td class=\"has-text-align-left\" data-align=\"left\">An identification code for a product. It is generated and administered by MPA.<\/td><\/tr><tr><td class=\"has-text-align-left\" data-align=\"left\">NPL pack id<\/td><td class=\"has-text-align-left\" data-align=\"left\">An identification code for an article. It is generated and administered by MPA.<\/td><\/tr><tr><td class=\"has-text-align-left\" data-align=\"left\">NTIN<\/td><td class=\"has-text-align-left\" data-align=\"left\">National\/Nordic Trade Item Number \u2013 Before February 2019 used instead of GTIN for pharmaceuticals in the Nordic countries. Same format as GTIN (13, maximum 14, digits) but with a fixed prefix and a Vnr instead of an article reference number. Format: prefix of Nordic Number Centre (704626) + Vnr + check digit Since February 2019 no new NTINs are created. If an old NTIN is unique it can still be used, but it must follow the rules of a GTIN and thereby be changed according to the GTIN guidelines.<\/td><\/tr><tr><td class=\"has-text-align-left\" data-align=\"left\">OTC<\/td><td class=\"has-text-align-left\" data-align=\"left\">Pharmaceuticals available without a prescription.<\/td><\/tr><tr><td class=\"has-text-align-left\" data-align=\"left\">PIC<\/td><td class=\"has-text-align-left\" data-align=\"left\">Pharmaceutical Information Centre \u2013 http:\/\/www.laaketietokeskus.fi\/en<\/td><\/tr><tr><td class=\"has-text-align-left\" data-align=\"left\">Rx<\/td><td class=\"has-text-align-left\" data-align=\"left\">Pharmaceuticals only available with a prescription<\/td><\/tr><tr><td class=\"has-text-align-left\" data-align=\"left\">Sil<\/td><td class=\"has-text-align-left\" data-align=\"left\">Svenska Informationstj\u00e4nster f\u00f6r l\u00e4kemedel<\/td><\/tr><tr><td class=\"has-text-align-left\" data-align=\"left\">SKR<\/td><td class=\"has-text-align-left\" data-align=\"left\">Swedish Association of Local Authorities and Regions (SALAR) \u2013 Sveriges Kommuner och Regioner (SKR)<\/td><\/tr><tr><td class=\"has-text-align-left\" data-align=\"left\">TLV<\/td><td class=\"has-text-align-left\" data-align=\"left\">Tandv\u00e5rds- och l\u00e4kemedelsf\u00f6rm\u00e5nsverket \u2013 Dental and Pharmaceutical Benefits Agency, administers the prices in the reimbursement system.<\/td><\/tr><tr><td class=\"has-text-align-left\" data-align=\"left\">Vnr<\/td><td class=\"has-text-align-left\" data-align=\"left\">Nordic Article Number \u2013 a six-digit identification code (000001-199999 and 370000-599999) for a specific article of medicine with marketing authorisation in the Nordic countries. A Vnr is given to all human and veterinary medicines. It enables a simple verification of articles at all distribution stages.<\/td><\/tr><tr><td class=\"has-text-align-left\" data-align=\"left\">VARA<\/td><td class=\"has-text-align-left\" data-align=\"left\">The national product and article register for all pharmaceuticals, and consumer products within the reimbursement system. VARA is administered by the Swedish eHealth Agency <a href=\"http:\/\/www.ehalsomyndigheten.se\">www.ehalsomyndigheten.se<\/a><\/td><\/tr><\/tbody><\/table><\/figure>\n","protected":false},"excerpt":{"rendered":"<p>FASS The Swedish medicine compendium. GS1 GS1 is an international not-for-profit association with member organisations in over 100 countries. The GS1 standards, e.g. GTIN, are the most widely used supply chain standards in the world. &nbsp;www.gs1.se &nbsp;or&nbsp; www.gs1.com GTIN Global Trade Item Number \u2013 a global standard for article numbering &#8230;<\/p>\n","protected":false},"author":1,"featured_media":0,"parent":15,"menu_order":0,"comment_status":"closed","ping_status":"open","template":"","meta":{"footnotes":""},"language":[5],"class_list":["post-445","page","type-page","status-publish","hentry","language-se","column","twocol"],"_links":{"self":[{"href":"https:\/\/wiki.vnr.fi\/index.php?rest_route=\/wp\/v2\/pages\/445","targetHints":{"allow":["GET"]}}],"collection":[{"href":"https:\/\/wiki.vnr.fi\/index.php?rest_route=\/wp\/v2\/pages"}],"about":[{"href":"https:\/\/wiki.vnr.fi\/index.php?rest_route=\/wp\/v2\/types\/page"}],"author":[{"embeddable":true,"href":"https:\/\/wiki.vnr.fi\/index.php?rest_route=\/wp\/v2\/users\/1"}],"replies":[{"embeddable":true,"href":"https:\/\/wiki.vnr.fi\/index.php?rest_route=%2Fwp%2Fv2%2Fcomments&post=445"}],"version-history":[{"count":23,"href":"https:\/\/wiki.vnr.fi\/index.php?rest_route=\/wp\/v2\/pages\/445\/revisions"}],"predecessor-version":[{"id":3239,"href":"https:\/\/wiki.vnr.fi\/index.php?rest_route=\/wp\/v2\/pages\/445\/revisions\/3239"}],"up":[{"embeddable":true,"href":"https:\/\/wiki.vnr.fi\/index.php?rest_route=\/wp\/v2\/pages\/15"}],"wp:attachment":[{"href":"https:\/\/wiki.vnr.fi\/index.php?rest_route=%2Fwp%2Fv2%2Fmedia&parent=445"}],"wp:term":[{"taxonomy":"language","embeddable":true,"href":"https:\/\/wiki.vnr.fi\/index.php?rest_route=%2Fwp%2Fv2%2Flanguage&post=445"}],"curies":[{"name":"wp","href":"https:\/\/api.w.org\/{rel}","templated":true}]}}